{"id":32,"date":"2025-07-15T17:21:02","date_gmt":"2025-07-15T15:21:02","guid":{"rendered":"https:\/\/test.repaircafe-alzenau.de\/?page_id=32"},"modified":"2025-07-15T17:21:02","modified_gmt":"2025-07-15T15:21:02","slug":"ueber-uns","status":"publish","type":"page","link":"https:\/\/test.repaircafe-alzenau.de\/index.php\/ueber-uns\/","title":{"rendered":"\u00dcber Uns"},"content":{"rendered":"\n<h2 class=\"wp-block-heading\">Was ist eigentlich ein Repair Caf\u00e9?<\/h2>\n\n\n\n<figure class=\"wp-block-image alignright\"><img decoding=\"async\" src=\"https:\/\/repaircafe-alzenau.de\/.cm4all\/uproc.php\/0\/bilder\/.gear-3085396_640.jpg\/picture-200?_=179fbc2db90\" alt=\"\" title=\"\"\/><\/figure>\n\n\n\n<p>Das ist ein Treffpunkt, an dem Menschen gemeinsam defekte Dinge reparieren.<br>Wir Reparaturhelfer arbeiten dabei ehrenamtlich und unterst\u00fctzen unsere G\u00e4ste durch Mithilfe und Bereitstellung von Werkzeugen bei der Reparatur der mitgebrachten defekten Gegenst\u00e4nde.<br>Wir tun unser Bestes, diesen kaputten Dingen ein zweites Leben zu schenken und freuen uns \u00fcber neue Herausforderungen. Wir k\u00f6nnen nicht alles, aber wir lernen st\u00e4ndig dazu!<br><br><br>Repair Caf\u00e9s entstanden Anfang des Jahrhunderts zuerst in Holland und haben sich schnell weltweit verbreitet. Alleine in Deutschland gibt es (Stand 2024) \u00fcber 1000 Reparatur Initiativen. Das zeigt, welches Interesse diese verloren gegangene Kultur des Wiederinstandsetzens inzwischen findet. Der Begriff &#8222;Repair Caf\u00e9&#8220; weist darauf hin, dass es von Anfang an nicht nur darum ging, kaputte Dinge wieder ganz zu machen, sondern man trifft sich gem\u00fctlich bei einem Kaffee und tauscht sich aus, w\u00e4hrend man das defekte Ger\u00e4t repariert.<br><br>Repair Caf\u00e9s sind keine Dienstleister. Bringen Sie etwas Zeit und Ruhe mit, Reparaturen sind meist schlecht zu planen, es k\u00f6nnen auch mal Wartezeiten entstehen. Wer dann doch mal warten muss, kann den Reparierenden gerne \u00fcber die Schulter schauen oder sich vielleicht mit anderen G\u00e4sten zusammensetzen und ein nettes Schw\u00e4tzchen f\u00fchren.<br><br><\/p>\n\n\n\n<figure class=\"wp-block-image alignright\"><img decoding=\"async\" src=\"https:\/\/repaircafe-alzenau.de\/.cm4all\/uproc.php\/0\/bilder\/.males-2142831_640.jpg\/picture-200?_=17980d4a878\" alt=\"\" title=\"\"\/><\/figure>\n\n\n\n<h2 class=\"wp-block-heading\">Was wird repariert?<\/h2>\n\n\n\n<p>Das k\u00f6nnen Dinge aus allen Bereichen des t\u00e4glichen Lebens sein:<br>&nbsp; elektrische\/elektronische Ger\u00e4te,<br>&nbsp; Haushaltsgegenst\u00e4nde,<br>&nbsp; Spielzeuge der Kinder,<br>&nbsp; Spielzeuge der&nbsp;Erwachsenen,<br>&nbsp; Sport und Freizeitartikel,<br>&nbsp; Werkzeuge,<br>&nbsp; Kleinm\u00f6bel<br>&nbsp; Textilien<br>&nbsp; und viele andere Dinge.<br>Fragen Sie uns!&nbsp;Oder stellen Sie uns Ihre speziellen Reparaturf\u00e4higkeiten selbst zur Verf\u00fcgung.<br><br><\/p>\n\n\n\n<h2 class=\"wp-block-heading\">Warum machen wir das?<\/h2>\n\n\n\n<p>Wir wollen zeigen, dass defekte Dinge oft mit wenig Aufwand wieder instand gesetzt werden k\u00f6nnen. Reparierte Dinge werden l\u00e4nger genutzt und entlasten damit die Umwelt. Da kein neues Ger\u00e4t produziert werden muss, wird CO2 eingespart und wertvolle Ressourcen werden geschont. Auch so manches Lieblingsst\u00fcck kann wieder heil gemacht werden.<br>Wir m\u00f6chten damit dem Wegwerfwahnsinn unserer Konsumgesellschaft etwas entgegensetzen. Repair Caf\u00e9s in der ganzen Welt k\u00e4mpfen gegen die geplante Obsoleszenz, f\u00fcr ein Recht auf Reparatur aller Ger\u00e4te und die langfristige Verf\u00fcgbarkeit von preiswerten Ersatzteilen.<br>Letztendlich wollen wir somit die &#8222;vergessene&#8220; Kultur des Reparierens wieder aufleben lassen und es wieder ins Bewusstsein bringen, dass sich Reparieren aus vielen Gr\u00fcnden lohnt.<br><br><\/p>\n\n\n\n<h2 class=\"wp-block-heading\">Welche Kosten entstehen f\u00fcr Sie?<\/h2>\n\n\n\n<p>Unsere Hilfe ist ehrenamtlich und kostet Sie nichts. Nur wenn wir Ersatzteile zur Verf\u00fcgung stellen, werden diese berechnet. Bei der Beschaffung dieser ger\u00e4tespezifischen Ersatzteile sind wir Ihnen gerne behilflich.<br>Da aber auch wir laufende Kosten haben, sind wir auf Spenden angewiesen und freuen uns nach der Reparatur \u00fcber eine Spende.<br><br><\/p>\n\n\n\n<figure class=\"wp-block-image alignright\"><img decoding=\"async\" src=\"https:\/\/repaircafe-alzenau.de\/.cm4all\/uproc.php\/0\/bilder\/.Help_Figur.jpg\/picture-200?_=1799893ddd0\" alt=\"\" title=\"\"\/><\/figure>\n\n\n\n<h2 class=\"wp-block-heading\">W\u00fcrden Sie uns gerne im Repair Caf\u00e9 helfen?<\/h2>\n\n\n\n<p>Wenn Sie uns beim Reparieren oder im organisatorischen Bereich unterst\u00fctzen und damit anderen Mitmenschen helfen wollen, sind Sie gerne eingeladen bei uns mitzumachen.<br>Vielleicht haben Sie besondere Kenntnisse in irgend einem Bereich oder Sie reparieren auch Zuhause alles selbst? Wir sind f\u00fcr alle (auch neue) Bereiche offen.<br>Ganz besonders freuen wir uns auch \u00fcber weibliche Mithilfe.<br><br>Melden Sie sich bei uns oder kommen Sie einfach vorbei und schau\u00b4n Sie mal, ob Ihnen das Spa\u00df machen w\u00fcrde!<br><br>&nbsp;<\/p>\n\n\n\n<p><\/p>\n","protected":false},"excerpt":{"rendered":"<p>Was ist eigentlich ein Repair Caf\u00e9? Das ist ein Treffpunkt, an dem Menschen gemeinsam defekte Dinge reparieren.Wir Reparaturhelfer arbeiten dabei ehrenamtlich und unterst\u00fctzen unsere G\u00e4ste durch Mithilfe und Bereitstellung von Werkzeugen bei der Reparatur der mitgebrachten defekten Gegenst\u00e4nde.Wir tun unser Bestes, diesen kaputten Dingen ein zweites Leben zu schenken und freuen uns \u00fcber neue Herausforderungen. [&hellip;]<\/p>\n","protected":false},"author":2,"featured_media":0,"parent":0,"menu_order":0,"comment_status":"closed","ping_status":"closed","template":"","meta":{"_uag_custom_page_level_css":"","footnotes":""},"class_list":["post-32","page","type-page","status-publish","hentry"],"uagb_featured_image_src":{"full":false,"thumbnail":false,"medium":false,"medium_large":false,"large":false,"1536x1536":false,"2048x2048":false},"uagb_author_info":{"display_name":"Peter Koneczny","author_link":"https:\/\/test.repaircafe-alzenau.de\/index.php\/author\/peter-k\/"},"uagb_comment_info":0,"uagb_excerpt":"Was ist eigentlich ein Repair Caf\u00e9? Das ist ein Treffpunkt, an dem Menschen gemeinsam defekte Dinge reparieren.Wir Reparaturhelfer arbeiten dabei ehrenamtlich und unterst\u00fctzen unsere G\u00e4ste durch Mithilfe und Bereitstellung von Werkzeugen bei der Reparatur der mitgebrachten defekten Gegenst\u00e4nde.Wir tun unser Bestes, diesen kaputten Dingen ein zweites Leben zu schenken und freuen uns \u00fcber neue Herausforderungen.&hellip;","_links":{"self":[{"href":"https:\/\/test.repaircafe-alzenau.de\/index.php\/wp-json\/wp\/v2\/pages\/32","targetHints":{"allow":["GET"]}}],"collection":[{"href":"https:\/\/test.repaircafe-alzenau.de\/index.php\/wp-json\/wp\/v2\/pages"}],"about":[{"href":"https:\/\/test.repaircafe-alzenau.de\/index.php\/wp-json\/wp\/v2\/types\/page"}],"author":[{"embeddable":true,"href":"https:\/\/test.repaircafe-alzenau.de\/index.php\/wp-json\/wp\/v2\/users\/2"}],"replies":[{"embeddable":true,"href":"https:\/\/test.repaircafe-alzenau.de\/index.php\/wp-json\/wp\/v2\/comments?post=32"}],"version-history":[{"count":2,"href":"https:\/\/test.repaircafe-alzenau.de\/index.php\/wp-json\/wp\/v2\/pages\/32\/revisions"}],"predecessor-version":[{"id":44,"href":"https:\/\/test.repaircafe-alzenau.de\/index.php\/wp-json\/wp\/v2\/pages\/32\/revisions\/44"}],"wp:attachment":[{"href":"https:\/\/test.repaircafe-alzenau.de\/index.php\/wp-json\/wp\/v2\/media?parent=32"}],"curies":[{"name":"wp","href":"https:\/\/api.w.org\/{rel}","templated":true}]}}